{"id":1986,"date":"2016-12-30T16:48:23","date_gmt":"2016-12-30T16:48:23","guid":{"rendered":"http:\/\/brain2.claus.be\/backup\/?page_id=1986"},"modified":"2016-12-30T16:48:23","modified_gmt":"2016-12-30T16:48:23","slug":"page-daccueil","status":"publish","type":"page","link":"https:\/\/www.lesmenetriers.com\/WP\/","title":{"rendered":"Page d&#8217;accueil"},"content":{"rendered":"<p>Bienvenue cher lecteur&#8230;<\/p>\n<p>Vous \u00eates bien sur le site des c\u00e9l\u00e8bres M\u00e9n\u00e9triers!<\/p>\n","protected":false},"excerpt":{"rendered":"<p>Bienvenue cher lecteur&#8230; Vous \u00eates bien sur le site des c\u00e9l\u00e8bres M\u00e9n\u00e9triers!<\/p>\n","protected":false},"author":3,"featured_media":0,"parent":0,"menu_order":0,"comment_status":"closed","ping_status":"closed","template":"template-frontpage.php","meta":[],"_links":{"self":[{"href":"https:\/\/www.lesmenetriers.com\/WP\/index.php?rest_route=\/wp\/v2\/pages\/1986"}],"collection":[{"href":"https:\/\/www.lesmenetriers.com\/WP\/index.php?rest_route=\/wp\/v2\/pages"}],"about":[{"href":"https:\/\/www.lesmenetriers.com\/WP\/index.php?rest_route=\/wp\/v2\/types\/page"}],"author":[{"embeddable":true,"href":"https:\/\/www.lesmenetriers.com\/WP\/index.php?rest_route=\/wp\/v2\/users\/3"}],"replies":[{"embeddable":true,"href":"https:\/\/www.lesmenetriers.com\/WP\/index.php?rest_route=%2Fwp%2Fv2%2Fcomments&post=1986"}],"version-history":[{"count":1,"href":"https:\/\/www.lesmenetriers.com\/WP\/index.php?rest_route=\/wp\/v2\/pages\/1986\/revisions"}],"predecessor-version":[{"id":1987,"href":"https:\/\/www.lesmenetriers.com\/WP\/index.php?rest_route=\/wp\/v2\/pages\/1986\/revisions\/1987"}],"wp:attachment":[{"href":"https:\/\/www.lesmenetriers.com\/WP\/index.php?rest_route=%2Fwp%2Fv2%2Fmedia&parent=1986"}],"curies":[{"name":"wp","href":"https:\/\/api.w.org\/{rel}","templated":true}]}}