{"id":1992,"date":"2016-12-30T17:16:18","date_gmt":"2016-12-30T17:16:18","guid":{"rendered":"http:\/\/brain2.claus.be\/backup\/?page_id=1992"},"modified":"2026-03-22T19:01:44","modified_gmt":"2026-03-22T19:01:44","slug":"presentation","status":"publish","type":"page","link":"https:\/\/www.lesmenetriers.com\/WP\/?page_id=1992","title":{"rendered":"Pr\u00e9sentation"},"content":{"rendered":"<p style=\"text-align: justify;\">Fin 1980, Jean-Claude Wilkens enseignant \u00e0 l&#8217;Ath\u00e9n\u00e9e de Hannut, r\u00eave de cr\u00e9er dans cette localit\u00e9 une chorale \u00ab A Coeur Joie \u00bb.<\/p>\n<p style=\"text-align: justify;\">Un soir de Janvier 1981, le bouche \u00e0 oreille ayant bien fonctionn\u00e9, une quinzaine d&#8217;amateurs de chant choral se retrouvent dans une classe de l&#8217;Ath\u00e9n\u00e9e.<br \/>\nSur proposition de Baudouin Stevens, le premier pr\u00e9sident, choisit le nom &#8220;Les M\u00e9n\u00e9triers du Tombeu&#8221; (un lieu-dit du vieux Hannut). Le deuxi\u00e8me terme faisant davantage r\u00e9f\u00e9rence \u00e0 un tombeau, celui-ci dispara\u00eet vite et seule la partie avec connotation moyen\u00e2geuse subsistera!<br \/>\nTr\u00e8s vite le groupe s&#8217;\u00e9toffe, des amiti\u00e9s se cr\u00e9ent, l&#8217;enthousiasme se d\u00e9veloppe.<\/p>\n<p style=\"text-align: justify;\">D\u00e8s f\u00e9vrier 1981, la chorale des M\u00e9n\u00e9triers de Hannut fait partie du mouvement international \u00ab A C\u0153ur Joie \u00bb dont le but est de cr\u00e9er par le chant choral un moyen universel de communication, de solidarit\u00e9 et d&#8217;amiti\u00e9 entre les hommes.<\/p>\n<p>En 2023, La chorale des M\u00e9n\u00e9triers est devenue <strong>La chorale des M\u00e9n\u00e9triers ASBL<\/strong> (en abr\u00e9g\u00e9 Les M\u00e9n\u00e9triers ASBL). Son num\u00e9ro d&#8217;entreprise est : <a href=\"https:\/\/kbopub.economie.fgov.be\/kbopub\/zoeknummerform.html?nummer=805.526.404&amp;actionLu=Rechercher\">BE 0805.526.404.<\/a><\/p>\n<p style=\"text-align: justify;\">De 1991 \u00e0 2022, La chorale a \u00e9t\u00e9 dirig\u00e9e par Beno\u00eet Gilot. Rattach\u00e9e \u00e0 l&#8217;Acad\u00e9mie de Hannut, elle compte une cinquantaine de membres, conduits par leur chef Geoffrey Degives. Groupe d&#8217;amateurs \u00e0 4 voix mixtes, elle chante a cappella mais souvent aussi avec accompagnement d&#8217;instruments ou d&#8217;orchestre.<\/p>\n<p>Elle aborde tous les genres. Depuis une vingtaine d\u2019ann\u00e9es, elle alterne, une ann\u00e9e sur deux, programme classique (Faur\u00e9, Rossini, Schubert, Vivaldi, Mozart, Jenkins&#8230;) et programme de vari\u00e9t\u00e9 (Suites Fugain, Goldman, Berger, Beatles, Ann\u00e9es 70, Aznavour, Ann\u00e9es 2000,\u2026).<br \/>\nLes M\u00e9n\u00e9triers donnent de nombreux concerts en Belgique et \u00e0 l\u2019\u00e9tranger (France, Espagne, Canada, Tch\u00e9quie, Italie, Suisse,\u2026) lors de jumelages avec des chorales de ces pays.<\/p>\n<p>Pour en faire partie, aucune connaissance de technique musicale n\u2019est exig\u00e9e. Il va de soi cependant, qu&#8217;une bonne voix et une oreille suffisamment justes sont demand\u00e9es.<\/p>\n<p><a href=\"https:\/\/www.lesmenetriers.com\/WP\/wp-content\/uploads\/2024\/06\/Les-Menetriers_marque-deposee-1.png\"><img loading=\"lazy\" class=\"alignnone wp-image-4878 size-full\" src=\"https:\/\/www.lesmenetriers.com\/WP\/wp-content\/uploads\/2024\/06\/Les-Menetriers_marque-deposee-1.png\" alt=\"\" width=\"292\" height=\"300\" \/><\/a><\/p>\n<p style=\"text-align: justify;\">\n<h4>\u00a0.<\/h4>\n<h4><strong>RENSEIGNEMENTS AUPR\u00c8S DE :\u00a0<\/strong><em><a href=\"https:\/\/www.lesmenetriers.com\/WP\/wp-content\/uploads\/2012\/03\/Partition2.jpg\"><br \/>\n<\/a><\/em><\/h4>\n<table style=\"width: 82.7529%; height: 300px;\">\n<tbody>\n<tr style=\"height: 50px;\">\n<td style=\"width: 48.8565%; height: 50px;\"><em><strong>DEGIVES Geoffrey<\/strong>\u00a0(Chef de Ch\u0153ur)<\/em><\/td>\n<td style=\"width: 51.1435%; height: 50px;\"><em><strong>DELEU H\u00e9l\u00e8ne<\/strong> (Pr\u00e9sidente de chorale)<\/em><\/td>\n<\/tr>\n<tr style=\"height: 25px;\">\n<td style=\"width: 48.8565%; height: 25px;\"><em>13, rue de la Croix<\/em><\/td>\n<td style=\"width: 51.1435%; height: 25px;\"><em>7, rue Dieudonn\u00e9 Tossens<\/em><\/td>\n<\/tr>\n<tr style=\"height: 25px;\">\n<td style=\"width: 48.8565%; height: 25px;\"><em>4280 Lens-Saint-Remy<\/em><\/td>\n<td style=\"width: 51.1435%; height: 25px;\"><em>4280 Cras-Avernas<\/em><\/td>\n<\/tr>\n<tr style=\"height: 25px;\">\n<td style=\"width: 48.8565%; height: 25px;\"><\/td>\n<td style=\"width: 51.1435%; height: 25px;\"><em>T\u00e9l : +32 494 39 48 39<\/em><\/td>\n<\/tr>\n<tr style=\"height: 25px;\">\n<td style=\"width: 48.8565%; height: 25px;\"><em>Courriel :\u00a0 <a href=\"http:\/\/mailto:geoffrey.menetriers@gmail.com\">info@geoffreydegives.com<\/a><\/em><\/td>\n<td style=\"width: 51.1435%; height: 25px;\"><em>Courriel :<\/em>\u00a0<em> <a href=\"mailto:helenedeleu@hotmail.com\">helenedeleu@hotmail.com<\/a><\/em><\/td>\n<\/tr>\n<tr style=\"height: 25px;\">\n<td style=\"width: 100%; height: 25px;\" colspan=\"2\"><\/td>\n<\/tr>\n<tr style=\"height: 25px;\">\n<td style=\"width: 100%; height: 25px; text-align: left;\" colspan=\"2\"><strong><em>ASBL (questions administratives et financi\u00e8res)<\/em><\/strong><\/td>\n<\/tr>\n<tr style=\"height: 25px;\">\n<td style=\"width: 100%; height: 25px; text-align: left;\" colspan=\"2\"><em>Courriel : <a href=\"mailto:chorale@lesmenetriers.com\">chorale@lesmenetriers.com<\/a><\/em><\/td>\n<\/tr>\n<\/tbody>\n<\/table>\n","protected":false},"excerpt":{"rendered":"<p>Fin 1980, Jean-Claude Wilkens enseignant \u00e0 l&#8217;Ath\u00e9n\u00e9e de Hannut, r\u00eave de cr\u00e9er dans cette localit\u00e9 une chorale \u00ab A Coeur Joie \u00bb. Un soir de Janvier 1981, le bouche \u00e0 &#8230;<\/p>\n","protected":false},"author":3,"featured_media":0,"parent":0,"menu_order":0,"comment_status":"closed","ping_status":"closed","template":"","meta":[],"_links":{"self":[{"href":"https:\/\/www.lesmenetriers.com\/WP\/index.php?rest_route=\/wp\/v2\/pages\/1992"}],"collection":[{"href":"https:\/\/www.lesmenetriers.com\/WP\/index.php?rest_route=\/wp\/v2\/pages"}],"about":[{"href":"https:\/\/www.lesmenetriers.com\/WP\/index.php?rest_route=\/wp\/v2\/types\/page"}],"author":[{"embeddable":true,"href":"https:\/\/www.lesmenetriers.com\/WP\/index.php?rest_route=\/wp\/v2\/users\/3"}],"replies":[{"embeddable":true,"href":"https:\/\/www.lesmenetriers.com\/WP\/index.php?rest_route=%2Fwp%2Fv2%2Fcomments&post=1992"}],"version-history":[{"count":44,"href":"https:\/\/www.lesmenetriers.com\/WP\/index.php?rest_route=\/wp\/v2\/pages\/1992\/revisions"}],"predecessor-version":[{"id":6310,"href":"https:\/\/www.lesmenetriers.com\/WP\/index.php?rest_route=\/wp\/v2\/pages\/1992\/revisions\/6310"}],"wp:attachment":[{"href":"https:\/\/www.lesmenetriers.com\/WP\/index.php?rest_route=%2Fwp%2Fv2%2Fmedia&parent=1992"}],"curies":[{"name":"wp","href":"https:\/\/api.w.org\/{rel}","templated":true}]}}